{"id":1078572,"date":"2026-05-08T16:07:44","date_gmt":"2026-05-08T16:07:44","guid":{"rendered":"https:\/\/ukreine.com\/?page_id=1078572"},"modified":"2026-05-08T16:07:48","modified_gmt":"2026-05-08T16:07:48","slug":"ukreine-com-international-matchmaking-med-fokus-paa-serioese-forhold-til-ukrainske-og-slaviske-kvinder","status":"publish","type":"page","link":"https:\/\/ukreine.com\/da\/ukreine-com-international-matchmaking-med-fokus-paa-serioese-forhold-til-ukrainske-og-slaviske-kvinder\/","title":{"rendered":"UkReine.com \u2014 international matchmaking med fokus p\u00e5 seri\u00f8se forhold til ukrainske og slaviske kvinder"},"content":{"rendered":"","protected":false},"excerpt":{"rendered":"","protected":false},"author":32311,"featured_media":0,"parent":0,"menu_order":0,"comment_status":"closed","ping_status":"closed","template":"templates\/about.php","meta":{"_acf_changed":false,"footnotes":""},"class_list":["post-1078572","page","type-page","status-publish","hentry"],"acf":[],"yoast_head":"<!-- This site is optimized with the Yoast SEO Premium plugin v25.5 (Yoast SEO v27.2) - https:\/\/yoast.com\/product\/yoast-seo-premium-wordpress\/ -->\n<title>UkReine.com \u2014 international \u00e6gteskabsbureau med ukrainske og \u00f8steurop\u00e6iske kvinder<\/title>\n<meta name=\"description\" content=\"UkReine er et internationalt \u00e6gteskabsbureau med fokus p\u00e5 seri\u00f8se forhold. Som ukrainsk datingside arbejder vi med verificerede profiler og tilbyder en gennemsigtig og struktureret tilgang for m\u00e6nd, der s\u00f8ger en \u00e6gte forbindelse med ukrainske kvinder.\" \/>\n<meta name=\"robots\" content=\"index, follow, max-snippet:-1, max-image-preview:large, max-video-preview:-1\" \/>\n<link rel=\"canonical\" href=\"https:\/\/ukreine.com\/da\/ukreine-com-international-matchmaking-med-fokus-paa-serioese-forhold-til-ukrainske-og-slaviske-kvinder\/\" \/>\n<meta property=\"og:locale\" content=\"da_DK\" \/>\n<meta property=\"og:type\" content=\"article\" \/>\n<meta property=\"og:title\" content=\"UkReine.com \u2014 international matchmaking med fokus p\u00e5 seri\u00f8se forhold til ukrainske og slaviske kvinder\" \/>\n<meta property=\"og:description\" content=\"UkReine er et internationalt \u00e6gteskabsbureau med fokus p\u00e5 seri\u00f8se forhold. Som ukrainsk datingside arbejder vi med verificerede profiler og tilbyder en gennemsigtig og struktureret tilgang for m\u00e6nd, der s\u00f8ger en \u00e6gte forbindelse med ukrainske kvinder.\" \/>\n<meta property=\"og:url\" content=\"https:\/\/ukreine.com\/da\/ukreine-com-international-matchmaking-med-fokus-paa-serioese-forhold-til-ukrainske-og-slaviske-kvinder\/\" \/>\n<meta property=\"og:site_name\" content=\"Ukreine\" \/>\n<meta property=\"article:publisher\" content=\"https:\/\/www.facebook.com\/datingrussianbrides\/\" \/>\n<meta property=\"article:modified_time\" content=\"2026-05-08T16:07:48+00:00\" \/>\n<meta name=\"twitter:card\" content=\"summary_large_image\" \/>\n<meta name=\"twitter:site\" content=\"@t4388388833\" \/>\n<script type=\"application\/ld+json\" class=\"yoast-schema-graph\">{\"@context\":\"https:\/\/schema.org\",\"@graph\":[{\"@type\":\"WebPage\",\"@id\":\"https:\/\/ukreine.com\/da\/ukreine-com-international-matchmaking-med-fokus-paa-serioese-forhold-til-ukrainske-og-slaviske-kvinder\/\",\"url\":\"https:\/\/ukreine.com\/da\/ukreine-com-international-matchmaking-med-fokus-paa-serioese-forhold-til-ukrainske-og-slaviske-kvinder\/\",\"name\":\"UkReine.com \u2014 international \u00e6gteskabsbureau med ukrainske og \u00f8steurop\u00e6iske kvinder\",\"isPartOf\":{\"@id\":\"https:\/\/ukreine.com\/da\/#website\"},\"datePublished\":\"2026-05-08T16:07:44+00:00\",\"dateModified\":\"2026-05-08T16:07:48+00:00\",\"description\":\"UkReine er et internationalt \u00e6gteskabsbureau med fokus p\u00e5 seri\u00f8se forhold. Som ukrainsk datingside arbejder vi med verificerede profiler og tilbyder en gennemsigtig og struktureret tilgang for m\u00e6nd, der s\u00f8ger en \u00e6gte forbindelse med ukrainske kvinder.\",\"breadcrumb\":{\"@id\":\"https:\/\/ukreine.com\/da\/ukreine-com-international-matchmaking-med-fokus-paa-serioese-forhold-til-ukrainske-og-slaviske-kvinder\/#breadcrumb\"},\"inLanguage\":\"da-DK\",\"potentialAction\":[{\"@type\":\"ReadAction\",\"target\":[\"https:\/\/ukreine.com\/da\/ukreine-com-international-matchmaking-med-fokus-paa-serioese-forhold-til-ukrainske-og-slaviske-kvinder\/\"]}]},{\"@type\":\"BreadcrumbList\",\"@id\":\"https:\/\/ukreine.com\/da\/ukreine-com-international-matchmaking-med-fokus-paa-serioese-forhold-til-ukrainske-og-slaviske-kvinder\/#breadcrumb\",\"itemListElement\":[{\"@type\":\"ListItem\",\"position\":1,\"name\":\"Home\",\"item\":\"https:\/\/ukreine.com\/da\/\"},{\"@type\":\"ListItem\",\"position\":2,\"name\":\"UkReine.com \u2014 international matchmaking med fokus p\u00e5 seri\u00f8se forhold til ukrainske og slaviske kvinder\"}]},{\"@type\":\"WebSite\",\"@id\":\"https:\/\/ukreine.com\/da\/#website\",\"url\":\"https:\/\/ukreine.com\/da\/\",\"name\":\"Ukreine\",\"description\":\"\",\"publisher\":{\"@id\":\"https:\/\/ukreine.com\/da\/#organization\"},\"potentialAction\":[{\"@type\":\"SearchAction\",\"target\":{\"@type\":\"EntryPoint\",\"urlTemplate\":\"https:\/\/ukreine.com\/da\/?s={search_term_string}\"},\"query-input\":{\"@type\":\"PropertyValueSpecification\",\"valueRequired\":true,\"valueName\":\"search_term_string\"}}],\"inLanguage\":\"da-DK\"},{\"@type\":\"Organization\",\"@id\":\"https:\/\/ukreine.com\/da\/#organization\",\"name\":\"Ukreine\",\"url\":\"https:\/\/ukreine.com\/da\/\",\"logo\":{\"@type\":\"ImageObject\",\"inLanguage\":\"da-DK\",\"@id\":\"https:\/\/ukreine.com\/da\/#\/schema\/logo\/image\/\",\"url\":\"https:\/\/ukreine.com\/wp-content\/uploads\/2018\/05\/logo.png\",\"contentUrl\":\"https:\/\/ukreine.com\/wp-content\/uploads\/2018\/05\/logo.png\",\"width\":325,\"height\":69,\"caption\":\"Ukreine\"},\"image\":{\"@id\":\"https:\/\/ukreine.com\/da\/#\/schema\/logo\/image\/\"},\"sameAs\":[\"https:\/\/www.facebook.com\/datingrussianbrides\/\",\"https:\/\/x.com\/t4388388833\",\"https:\/\/www.instagram.com\/agenceukreine\/\",\"https:\/\/www.pinterest.com\/dbereznyakov\/\",\"https:\/\/www.youtube.com\/channel\/UC5lMwPhy20E8Bti0mQL43UA\"]}]}<\/script>\n<!-- \/ Yoast SEO Premium plugin. -->","yoast_head_json":{"title":"UkReine.com \u2014 international \u00e6gteskabsbureau med ukrainske og \u00f8steurop\u00e6iske kvinder","description":"UkReine er et internationalt \u00e6gteskabsbureau med fokus p\u00e5 seri\u00f8se forhold. Som ukrainsk datingside arbejder vi med verificerede profiler og tilbyder en gennemsigtig og struktureret tilgang for m\u00e6nd, der s\u00f8ger en \u00e6gte forbindelse med ukrainske kvinder.","robots":{"index":"index","follow":"follow","max-snippet":"max-snippet:-1","max-image-preview":"max-image-preview:large","max-video-preview":"max-video-preview:-1"},"canonical":"https:\/\/ukreine.com\/da\/ukreine-com-international-matchmaking-med-fokus-paa-serioese-forhold-til-ukrainske-og-slaviske-kvinder\/","og_locale":"da_DK","og_type":"article","og_title":"UkReine.com \u2014 international matchmaking med fokus p\u00e5 seri\u00f8se forhold til ukrainske og slaviske kvinder","og_description":"UkReine er et internationalt \u00e6gteskabsbureau med fokus p\u00e5 seri\u00f8se forhold. Som ukrainsk datingside arbejder vi med verificerede profiler og tilbyder en gennemsigtig og struktureret tilgang for m\u00e6nd, der s\u00f8ger en \u00e6gte forbindelse med ukrainske kvinder.","og_url":"https:\/\/ukreine.com\/da\/ukreine-com-international-matchmaking-med-fokus-paa-serioese-forhold-til-ukrainske-og-slaviske-kvinder\/","og_site_name":"Ukreine","article_publisher":"https:\/\/www.facebook.com\/datingrussianbrides\/","article_modified_time":"2026-05-08T16:07:48+00:00","twitter_card":"summary_large_image","twitter_site":"@t4388388833","schema":{"@context":"https:\/\/schema.org","@graph":[{"@type":"WebPage","@id":"https:\/\/ukreine.com\/da\/ukreine-com-international-matchmaking-med-fokus-paa-serioese-forhold-til-ukrainske-og-slaviske-kvinder\/","url":"https:\/\/ukreine.com\/da\/ukreine-com-international-matchmaking-med-fokus-paa-serioese-forhold-til-ukrainske-og-slaviske-kvinder\/","name":"UkReine.com \u2014 international \u00e6gteskabsbureau med ukrainske og \u00f8steurop\u00e6iske kvinder","isPartOf":{"@id":"https:\/\/ukreine.com\/da\/#website"},"datePublished":"2026-05-08T16:07:44+00:00","dateModified":"2026-05-08T16:07:48+00:00","description":"UkReine er et internationalt \u00e6gteskabsbureau med fokus p\u00e5 seri\u00f8se forhold. Som ukrainsk datingside arbejder vi med verificerede profiler og tilbyder en gennemsigtig og struktureret tilgang for m\u00e6nd, der s\u00f8ger en \u00e6gte forbindelse med ukrainske kvinder.","breadcrumb":{"@id":"https:\/\/ukreine.com\/da\/ukreine-com-international-matchmaking-med-fokus-paa-serioese-forhold-til-ukrainske-og-slaviske-kvinder\/#breadcrumb"},"inLanguage":"da-DK","potentialAction":[{"@type":"ReadAction","target":["https:\/\/ukreine.com\/da\/ukreine-com-international-matchmaking-med-fokus-paa-serioese-forhold-til-ukrainske-og-slaviske-kvinder\/"]}]},{"@type":"BreadcrumbList","@id":"https:\/\/ukreine.com\/da\/ukreine-com-international-matchmaking-med-fokus-paa-serioese-forhold-til-ukrainske-og-slaviske-kvinder\/#breadcrumb","itemListElement":[{"@type":"ListItem","position":1,"name":"Home","item":"https:\/\/ukreine.com\/da\/"},{"@type":"ListItem","position":2,"name":"UkReine.com \u2014 international matchmaking med fokus p\u00e5 seri\u00f8se forhold til ukrainske og slaviske kvinder"}]},{"@type":"WebSite","@id":"https:\/\/ukreine.com\/da\/#website","url":"https:\/\/ukreine.com\/da\/","name":"Ukreine","description":"","publisher":{"@id":"https:\/\/ukreine.com\/da\/#organization"},"potentialAction":[{"@type":"SearchAction","target":{"@type":"EntryPoint","urlTemplate":"https:\/\/ukreine.com\/da\/?s={search_term_string}"},"query-input":{"@type":"PropertyValueSpecification","valueRequired":true,"valueName":"search_term_string"}}],"inLanguage":"da-DK"},{"@type":"Organization","@id":"https:\/\/ukreine.com\/da\/#organization","name":"Ukreine","url":"https:\/\/ukreine.com\/da\/","logo":{"@type":"ImageObject","inLanguage":"da-DK","@id":"https:\/\/ukreine.com\/da\/#\/schema\/logo\/image\/","url":"https:\/\/ukreine.com\/wp-content\/uploads\/2018\/05\/logo.png","contentUrl":"https:\/\/ukreine.com\/wp-content\/uploads\/2018\/05\/logo.png","width":325,"height":69,"caption":"Ukreine"},"image":{"@id":"https:\/\/ukreine.com\/da\/#\/schema\/logo\/image\/"},"sameAs":["https:\/\/www.facebook.com\/datingrussianbrides\/","https:\/\/x.com\/t4388388833","https:\/\/www.instagram.com\/agenceukreine\/","https:\/\/www.pinterest.com\/dbereznyakov\/","https:\/\/www.youtube.com\/channel\/UC5lMwPhy20E8Bti0mQL43UA"]}]}},"_links":{"self":[{"href":"https:\/\/ukreine.com\/da\/wp-json\/wp\/v2\/pages\/1078572","targetHints":{"allow":["GET"]}}],"collection":[{"href":"https:\/\/ukreine.com\/da\/wp-json\/wp\/v2\/pages"}],"about":[{"href":"https:\/\/ukreine.com\/da\/wp-json\/wp\/v2\/types\/page"}],"author":[{"embeddable":true,"href":"https:\/\/ukreine.com\/da\/wp-json\/wp\/v2\/users\/32311"}],"replies":[{"embeddable":true,"href":"https:\/\/ukreine.com\/da\/wp-json\/wp\/v2\/comments?post=1078572"}],"version-history":[{"count":1,"href":"https:\/\/ukreine.com\/da\/wp-json\/wp\/v2\/pages\/1078572\/revisions"}],"predecessor-version":[{"id":1078573,"href":"https:\/\/ukreine.com\/da\/wp-json\/wp\/v2\/pages\/1078572\/revisions\/1078573"}],"wp:attachment":[{"href":"https:\/\/ukreine.com\/da\/wp-json\/wp\/v2\/media?parent=1078572"}],"curies":[{"name":"wp","href":"https:\/\/api.w.org\/{rel}","templated":true}]}}